{"id":270,"date":"2017-11-05T16:41:51","date_gmt":"2017-11-05T15:41:51","guid":{"rendered":"http:\/\/www.bibbiadellariforma.it\/?page_id=270"},"modified":"2020-07-26T20:07:01","modified_gmt":"2020-07-26T18:07:01","slug":"come-sostenere-il-progetto-associandosi-alla-societa-biblica-in-italia","status":"publish","type":"page","link":"https:\/\/www.bibbiadellariforma.it\/?page_id=270","title":{"rendered":"Come sostenere il progetto associandosi alla Societ\u00e0 Biblica in Italia"},"content":{"rendered":"<p>Solo una parte del progetto \u00e8 finanziato dalle chiese evangeliche. Per il resto \u00e8 necessario l&#8217;aiuto delle singole persone e delle comunit\u00e0 locali.<\/p>\n<p>Un impegno particolarmente importante \u00e8 quello di soci e socie, amiche e amici della Societ\u00e0 Biblica in Italia, che possono sostenere il progetto con iniziative locali e facendo conoscere la nuova traduzione tra i membri e gli amici delle nostre chiese.<\/p>\n<p>Potete associarvi (e fare donazioni) tramite:<\/p>\n<p>&nbsp;<\/p>\n<p><em>Conto corrente bancario (preferibile)<\/em><\/p>\n<p>Unicredit SpA \u2013 c\/o Ag. RM via del Corso A \u2013 intestato a Societ\u00e0 Biblica in Italia<\/p>\n<p><span style=\"font-size: 1.0625rem;\">IBAN IT 93 N 02008 05181 000004023709<\/span><\/p>\n<p>&nbsp;<\/p>\n<p><em>Conto corrente postale<\/em><\/p>\n<p>&#8211; Bollettino di conto corrente postale n. 000072369002, intestato a Societ\u00e0 Biblica in Italia, via IV Novembre, 107 \u2013 00187 Roma.<\/p>\n<p>&#8211; Bonifico postale intestato a: Societ\u00e0 Biblica in Italia \u2013 Via IV Novembre, 107 \u2013 00187 Roma<br \/>\nIBAN IT09N0760103200000072369002<\/p>\n<p>Sarebbe utile se poteste inviare una copia del bonifico via email a segreteria.sbi@gmail.com<\/p>\n<p>&nbsp;<\/p>\n<p>Per ulteriori informazioni potete visitare il sito: www.italiabiblica.it<\/p>\n<p>Perch\u00e9 non mettervi in gioco in prima persona? Pi\u00f9 siamo, e pi\u00f9 eco daremo alla diffusione della Parola di Dio!<\/p>\n","protected":false},"excerpt":{"rendered":"<p>Solo una parte del progetto \u00e8 finanziato dalle chiese evangeliche. Per il resto \u00e8 necessario l&#8217;aiuto delle singole persone e delle comunit\u00e0 locali. Un impegno particolarmente importante \u00e8 quello di soci e socie, amiche e amici della Societ\u00e0 Biblica in Italia, che possono sostenere il &hellip; <a href=\"https:\/\/www.bibbiadellariforma.it\/?page_id=270\" class=\"more-link\"><span>Continua a Leggere<span class=\"screen-reader-text\">Come sostenere il progetto associandosi alla Societ\u00e0 Biblica in Italia<\/span><\/span><\/a><\/p>\n","protected":false},"author":1,"featured_media":0,"parent":0,"menu_order":0,"comment_status":"closed","ping_status":"closed","template":"","meta":{"footnotes":""},"class_list":["post-270","page","type-page","status-publish","hentry"],"_links":{"self":[{"href":"https:\/\/www.bibbiadellariforma.it\/index.php?rest_route=\/wp\/v2\/pages\/270"}],"collection":[{"href":"https:\/\/www.bibbiadellariforma.it\/index.php?rest_route=\/wp\/v2\/pages"}],"about":[{"href":"https:\/\/www.bibbiadellariforma.it\/index.php?rest_route=\/wp\/v2\/types\/page"}],"author":[{"embeddable":true,"href":"https:\/\/www.bibbiadellariforma.it\/index.php?rest_route=\/wp\/v2\/users\/1"}],"replies":[{"embeddable":true,"href":"https:\/\/www.bibbiadellariforma.it\/index.php?rest_route=%2Fwp%2Fv2%2Fcomments&post=270"}],"version-history":[{"count":3,"href":"https:\/\/www.bibbiadellariforma.it\/index.php?rest_route=\/wp\/v2\/pages\/270\/revisions"}],"predecessor-version":[{"id":319,"href":"https:\/\/www.bibbiadellariforma.it\/index.php?rest_route=\/wp\/v2\/pages\/270\/revisions\/319"}],"wp:attachment":[{"href":"https:\/\/www.bibbiadellariforma.it\/index.php?rest_route=%2Fwp%2Fv2%2Fmedia&parent=270"}],"curies":[{"name":"wp","href":"https:\/\/api.w.org\/{rel}","templated":true}]}}